{"id":7141,"date":"2024-08-13T07:21:07","date_gmt":"2024-08-13T05:21:07","guid":{"rendered":"https:\/\/playconstelaciones.com\/?page_id=7141"},"modified":"2026-04-05T01:13:59","modified_gmt":"2026-04-04T23:13:59","slug":"mis-cursos","status":"publish","type":"page","link":"https:\/\/playconstelaciones.com\/index.php\/mis-cursos\/","title":{"rendered":"Mis cursos"},"content":{"rendered":"<div class=\"mp_wrapper\">\n  <div class=\"mepr-unauthorized-message\">\n    <p><img class=\"alignnone size-medium wp-image-6769\" src=\"https:\/\/playconstelaciones.com\/wp-content\/uploads\/2024\/02\/WhatsApp-Image-2024-01-24-at-12.50.14-PM-300x68.png\" alt=\"\" width=\"300\" height=\"68\" \/><\/p>\n<p>&nbsp;<\/p>\n<p>Inicia sesi\u00f3n\u00a0 para poder ver el contenido.<\/p>\n  <\/div>\n  <div class=\"mepr-login-form-wrap\">\n            \n<div class=\"mp_wrapper mp_login_form\">\n                  <!-- mp-login-form-start -->     <form name=\"mepr_loginform\" id=\"mepr_loginform\" class=\"mepr-form\" action=\"https:\/\/playconstelaciones.com\/index.php\/login\/\" method=\"post\">\n            <div class=\"mp-form-row mepr_username\">\n        <div class=\"mp-form-label\">\n                              <label for=\"user_login\">Username<\/label>\n        <\/div>\n        <input type=\"text\" name=\"log\" id=\"user_login\" value=\"\" \/>\n      <\/div>\n      <div class=\"mp-form-row mepr_password\">\n        <div class=\"mp-form-label\">\n          <label for=\"user_pass\">Password<\/label>\n          <div class=\"mp-hide-pw\">\n            <input type=\"password\" name=\"pwd\" id=\"user_pass\" value=\"\" \/>\n            <button type=\"button\" class=\"button mp-hide-pw hide-if-no-js\" data-toggle=\"0\" aria-label=\"Show password\">\n              <span class=\"dashicons dashicons-visibility\" aria-hidden=\"true\"><\/span>\n            <\/button>\n          <\/div>\n        <\/div>\n      <\/div>\n            <div>\n        <label><input name=\"rememberme\" type=\"checkbox\" id=\"rememberme\" value=\"forever\" \/> Remember Me<\/label>\n      <\/div>\n      <div class=\"mp-spacer\">&nbsp;<\/div>\n      <div class=\"submit\">\n        <input type=\"submit\" name=\"wp-submit\" id=\"wp-submit\" class=\"button-primary mepr-share-button \" value=\"Log In\" \/>\n        <input type=\"hidden\" name=\"redirect_to\" value=\"\/index.php\/wp-json\/wp\/v2\/pages\/7141\" \/>\n        <input type=\"hidden\" name=\"mepr_process_login_form\" value=\"true\" \/>\n        <input type=\"hidden\" name=\"mepr_is_login_page\" value=\"false\" \/>\n      <\/div>\n    <\/form>\n    <div class=\"mp-spacer\">&nbsp;<\/div>\n    <div class=\"mepr-login-actions\">\n      <a href=\"https:\/\/playconstelaciones.com\/index.php\/login\/?action=forgot_password\">Forgot Password<\/a>\n    <\/div>\n\n      \n    <!-- mp-login-form-end --> \n  <\/div>\n      <\/div>\n<\/div>\n\n","protected":false},"excerpt":{"rendered":"<p>&nbsp; Inicia sesi\u00f3n\u00a0 para poder ver el contenido.<\/p>\n","protected":false},"author":1,"featured_media":0,"parent":0,"menu_order":0,"comment_status":"closed","ping_status":"closed","template":"","meta":{"footnotes":""},"class_list":["post-7141","page","type-page","status-publish","hentry"],"aioseo_notices":[],"yoast_head":"<!-- This site is optimized with the Yoast SEO plugin v23.8 - https:\/\/yoast.com\/wordpress\/plugins\/seo\/ -->\n<title>Mis cursos - Escuela Play Constelaciones.<\/title>\n<meta name=\"robots\" content=\"index, follow, max-snippet:-1, max-image-preview:large, max-video-preview:-1\" \/>\n<link rel=\"canonical\" href=\"https:\/\/playconstelaciones.com\/index.php\/mis-cursos\/\" \/>\n<meta property=\"og:locale\" content=\"en_US\" \/>\n<meta property=\"og:type\" content=\"article\" \/>\n<meta property=\"og:title\" content=\"Mis cursos - Escuela Play Constelaciones.\" \/>\n<meta property=\"og:description\" content=\"&nbsp; Inicia sesi\u00f3n\u00a0 para poder ver el contenido.\" \/>\n<meta property=\"og:url\" content=\"https:\/\/playconstelaciones.com\/index.php\/mis-cursos\/\" \/>\n<meta property=\"og:site_name\" content=\"Escuela Play Constelaciones.\" \/>\n<meta property=\"article:modified_time\" content=\"2026-04-04T23:13:59+00:00\" \/>\n<meta name=\"twitter:card\" content=\"summary_large_image\" \/>\n<meta name=\"twitter:label1\" content=\"Est. reading time\" \/>\n\t<meta name=\"twitter:data1\" content=\"2 minutes\" \/>\n<script type=\"application\/ld+json\" class=\"yoast-schema-graph\">{\"@context\":\"https:\/\/schema.org\",\"@graph\":[{\"@type\":\"WebPage\",\"@id\":\"https:\/\/playconstelaciones.com\/index.php\/mis-cursos\/\",\"url\":\"https:\/\/playconstelaciones.com\/index.php\/mis-cursos\/\",\"name\":\"Mis cursos - Escuela Play Constelaciones.\",\"isPartOf\":{\"@id\":\"https:\/\/playconstelaciones.com\/#website\"},\"datePublished\":\"2024-08-13T05:21:07+00:00\",\"dateModified\":\"2026-04-04T23:13:59+00:00\",\"breadcrumb\":{\"@id\":\"https:\/\/playconstelaciones.com\/index.php\/mis-cursos\/#breadcrumb\"},\"inLanguage\":\"en-US\",\"potentialAction\":[{\"@type\":\"ReadAction\",\"target\":[\"https:\/\/playconstelaciones.com\/index.php\/mis-cursos\/\"]}]},{\"@type\":\"BreadcrumbList\",\"@id\":\"https:\/\/playconstelaciones.com\/index.php\/mis-cursos\/#breadcrumb\",\"itemListElement\":[{\"@type\":\"ListItem\",\"position\":1,\"name\":\"Inicio\",\"item\":\"https:\/\/playconstelaciones.com\/\"},{\"@type\":\"ListItem\",\"position\":2,\"name\":\"Mis cursos\"}]},{\"@type\":\"WebSite\",\"@id\":\"https:\/\/playconstelaciones.com\/#website\",\"url\":\"https:\/\/playconstelaciones.com\/\",\"name\":\"Escuela Play Constelaciones.\",\"description\":\"Seguimos siendo pioneros en nuestro trabajo aqu\u00ed en M\u00e9xico. Nuestros programas se han ofrecido en 5 ciudades en el interior de la Rep\u00fablica, y llevamos el trabajo sist\u00e9mico a organizaciones, empresas y Pymes\",\"potentialAction\":[{\"@type\":\"SearchAction\",\"target\":{\"@type\":\"EntryPoint\",\"urlTemplate\":\"https:\/\/playconstelaciones.com\/?s={search_term_string}\"},\"query-input\":{\"@type\":\"PropertyValueSpecification\",\"valueRequired\":true,\"valueName\":\"search_term_string\"}}],\"inLanguage\":\"en-US\"}]}<\/script>\n<!-- \/ Yoast SEO plugin. -->","yoast_head_json":{"title":"Mis cursos - Escuela Play Constelaciones.","robots":{"index":"index","follow":"follow","max-snippet":"max-snippet:-1","max-image-preview":"max-image-preview:large","max-video-preview":"max-video-preview:-1"},"canonical":"https:\/\/playconstelaciones.com\/index.php\/mis-cursos\/","og_locale":"en_US","og_type":"article","og_title":"Mis cursos - Escuela Play Constelaciones.","og_description":"&nbsp; Inicia sesi\u00f3n\u00a0 para poder ver el contenido.","og_url":"https:\/\/playconstelaciones.com\/index.php\/mis-cursos\/","og_site_name":"Escuela Play Constelaciones.","article_modified_time":"2026-04-04T23:13:59+00:00","twitter_card":"summary_large_image","twitter_misc":{"Est. reading time":"2 minutes"},"schema":{"@context":"https:\/\/schema.org","@graph":[{"@type":"WebPage","@id":"https:\/\/playconstelaciones.com\/index.php\/mis-cursos\/","url":"https:\/\/playconstelaciones.com\/index.php\/mis-cursos\/","name":"Mis cursos - Escuela Play Constelaciones.","isPartOf":{"@id":"https:\/\/playconstelaciones.com\/#website"},"datePublished":"2024-08-13T05:21:07+00:00","dateModified":"2026-04-04T23:13:59+00:00","breadcrumb":{"@id":"https:\/\/playconstelaciones.com\/index.php\/mis-cursos\/#breadcrumb"},"inLanguage":"en-US","potentialAction":[{"@type":"ReadAction","target":["https:\/\/playconstelaciones.com\/index.php\/mis-cursos\/"]}]},{"@type":"BreadcrumbList","@id":"https:\/\/playconstelaciones.com\/index.php\/mis-cursos\/#breadcrumb","itemListElement":[{"@type":"ListItem","position":1,"name":"Inicio","item":"https:\/\/playconstelaciones.com\/"},{"@type":"ListItem","position":2,"name":"Mis cursos"}]},{"@type":"WebSite","@id":"https:\/\/playconstelaciones.com\/#website","url":"https:\/\/playconstelaciones.com\/","name":"Escuela Play Constelaciones.","description":"Seguimos siendo pioneros en nuestro trabajo aqu\u00ed en M\u00e9xico. Nuestros programas se han ofrecido en 5 ciudades en el interior de la Rep\u00fablica, y llevamos el trabajo sist\u00e9mico a organizaciones, empresas y Pymes","potentialAction":[{"@type":"SearchAction","target":{"@type":"EntryPoint","urlTemplate":"https:\/\/playconstelaciones.com\/?s={search_term_string}"},"query-input":{"@type":"PropertyValueSpecification","valueRequired":true,"valueName":"search_term_string"}}],"inLanguage":"en-US"}]}},"_links":{"self":[{"href":"https:\/\/playconstelaciones.com\/index.php\/wp-json\/wp\/v2\/pages\/7141","targetHints":{"allow":["GET"]}}],"collection":[{"href":"https:\/\/playconstelaciones.com\/index.php\/wp-json\/wp\/v2\/pages"}],"about":[{"href":"https:\/\/playconstelaciones.com\/index.php\/wp-json\/wp\/v2\/types\/page"}],"author":[{"embeddable":true,"href":"https:\/\/playconstelaciones.com\/index.php\/wp-json\/wp\/v2\/users\/1"}],"replies":[{"embeddable":true,"href":"https:\/\/playconstelaciones.com\/index.php\/wp-json\/wp\/v2\/comments?post=7141"}],"version-history":[{"count":67,"href":"https:\/\/playconstelaciones.com\/index.php\/wp-json\/wp\/v2\/pages\/7141\/revisions"}],"predecessor-version":[{"id":8403,"href":"https:\/\/playconstelaciones.com\/index.php\/wp-json\/wp\/v2\/pages\/7141\/revisions\/8403"}],"wp:attachment":[{"href":"https:\/\/playconstelaciones.com\/index.php\/wp-json\/wp\/v2\/media?parent=7141"}],"curies":[{"name":"wp","href":"https:\/\/api.w.org\/{rel}","templated":true}]}}